{"id":18,"date":"2024-05-29T04:24:00","date_gmt":"2024-05-29T04:24:00","guid":{"rendered":"https:\/\/gruasremolqueiquique.cl\/?page_id=18"},"modified":"2024-06-11T03:55:43","modified_gmt":"2024-06-11T03:55:43","slug":"servicio-gruas-iquique","status":"publish","type":"page","link":"https:\/\/gruasremolqueiquique.cl\/","title":{"rendered":"gruas iquique"},"content":{"rendered":"\n\n\n\n\n\n\n\n\n\n\n\n\n\n\n\n","protected":false},"excerpt":{"rendered":"","protected":false},"author":1,"featured_media":0,"parent":0,"menu_order":0,"comment_status":"closed","ping_status":"closed","template":"","meta":{"saved_in_kubio":true,"footnotes":""},"kubio_ai_page_context":{"short_desc":"","purpose":"general","isFrontPage":true},"yoast_head":"<!-- This site is optimized with the Yoast SEO plugin v22.8 - https:\/\/yoast.com\/wordpress\/plugins\/seo\/ -->\n<title>gr\u00faas Iquique alto hospicio , disponibles las 24horas<\/title>\n<meta name=\"description\" content=\"Gr\u00faas en Iquique para todo tipo de veh\u00edculos. Ofrecemos asistencia en carretera y remolque las 24 horas del d\u00eda. Atenci\u00f3n inmediata\" \/>\n<meta name=\"robots\" content=\"index, follow, max-snippet:-1, max-image-preview:large, max-video-preview:-1\" \/>\n<link rel=\"canonical\" href=\"https:\/\/gruasremolqueiquique.cl\/\" \/>\n<meta property=\"og:locale\" content=\"es_ES\" \/>\n<meta property=\"og:type\" content=\"article\" \/>\n<meta property=\"og:title\" content=\"gr\u00faas Iquique alto hospicio , disponibles las 24horas\" \/>\n<meta property=\"og:description\" content=\"Gr\u00faas en Iquique para todo tipo de veh\u00edculos. Ofrecemos asistencia en carretera y remolque las 24 horas del d\u00eda. Atenci\u00f3n inmediata\" \/>\n<meta property=\"og:url\" content=\"https:\/\/gruasremolqueiquique.cl\/\" \/>\n<meta property=\"og:site_name\" content=\"gruas iquique alto hospicio\" \/>\n<meta property=\"article:modified_time\" content=\"2024-06-11T03:55:43+00:00\" \/>\n<meta name=\"twitter:card\" content=\"summary_large_image\" \/>\n<script type=\"application\/ld+json\" class=\"yoast-schema-graph\">{\"@context\":\"https:\/\/schema.org\",\"@graph\":[{\"@type\":\"WebPage\",\"@id\":\"https:\/\/gruasremolqueiquique.cl\/\",\"url\":\"https:\/\/gruasremolqueiquique.cl\/\",\"name\":\"gr\u00faas Iquique alto hospicio , disponibles las 24horas\",\"isPartOf\":{\"@id\":\"https:\/\/gruasremolqueiquique.cl\/#website\"},\"datePublished\":\"2024-05-29T04:24:00+00:00\",\"dateModified\":\"2024-06-11T03:55:43+00:00\",\"description\":\"Gr\u00faas en Iquique para todo tipo de veh\u00edculos. Ofrecemos asistencia en carretera y remolque las 24 horas del d\u00eda. Atenci\u00f3n inmediata\",\"breadcrumb\":{\"@id\":\"https:\/\/gruasremolqueiquique.cl\/#breadcrumb\"},\"inLanguage\":\"es\",\"potentialAction\":[{\"@type\":\"ReadAction\",\"target\":[\"https:\/\/gruasremolqueiquique.cl\/\"]}]},{\"@type\":\"BreadcrumbList\",\"@id\":\"https:\/\/gruasremolqueiquique.cl\/#breadcrumb\",\"itemListElement\":[{\"@type\":\"ListItem\",\"position\":1,\"name\":\"Portada\",\"item\":\"https:\/\/gruasremolqueiquique.cl\/\"},{\"@type\":\"ListItem\",\"position\":2,\"name\":\"gruas iquique\"}]},{\"@type\":\"WebSite\",\"@id\":\"https:\/\/gruasremolqueiquique.cl\/#website\",\"url\":\"https:\/\/gruasremolqueiquique.cl\/\",\"name\":\"gruas iquique altohospicio\",\"description\":\"Servicio de gr\u00faas en Iquique disponible las 24 horas del d\u00eda. Ofrecemos asistencia vehicular r\u00e1pida y confiable para emergencias en Iquique. Ll\u00e1manos al +56969007500 para ayuda inmediata y profesional.\",\"publisher\":{\"@id\":\"https:\/\/gruasremolqueiquique.cl\/#organization\"},\"potentialAction\":[{\"@type\":\"SearchAction\",\"target\":{\"@type\":\"EntryPoint\",\"urlTemplate\":\"https:\/\/gruasremolqueiquique.cl\/?s={search_term_string}\"},\"query-input\":\"required name=search_term_string\"}],\"inLanguage\":\"es\"},{\"@type\":\"Organization\",\"@id\":\"https:\/\/gruasremolqueiquique.cl\/#organization\",\"name\":\"gruas iquique altohospicio\",\"url\":\"https:\/\/gruasremolqueiquique.cl\/\",\"logo\":{\"@type\":\"ImageObject\",\"inLanguage\":\"es\",\"@id\":\"https:\/\/gruasremolqueiquique.cl\/#\/schema\/logo\/image\/\",\"url\":\"https:\/\/gruasremolqueiquique.cl\/wp-content\/uploads\/2024\/05\/4680b792-705a-4dd1-bffb-4bcc044baf63.jpeg\",\"contentUrl\":\"https:\/\/gruasremolqueiquique.cl\/wp-content\/uploads\/2024\/05\/4680b792-705a-4dd1-bffb-4bcc044baf63.jpeg\",\"width\":800,\"height\":600,\"caption\":\"gruas iquique altohospicio\"},\"image\":{\"@id\":\"https:\/\/gruasremolqueiquique.cl\/#\/schema\/logo\/image\/\"}}]}<\/script>\n<!-- \/ Yoast SEO plugin. -->","yoast_head_json":{"title":"gr\u00faas Iquique alto hospicio , disponibles las 24horas","description":"Gr\u00faas en Iquique para todo tipo de veh\u00edculos. Ofrecemos asistencia en carretera y remolque las 24 horas del d\u00eda. Atenci\u00f3n inmediata","robots":{"index":"index","follow":"follow","max-snippet":"max-snippet:-1","max-image-preview":"max-image-preview:large","max-video-preview":"max-video-preview:-1"},"canonical":"https:\/\/gruasremolqueiquique.cl\/","og_locale":"es_ES","og_type":"article","og_title":"gr\u00faas Iquique alto hospicio , disponibles las 24horas","og_description":"Gr\u00faas en Iquique para todo tipo de veh\u00edculos. Ofrecemos asistencia en carretera y remolque las 24 horas del d\u00eda. Atenci\u00f3n inmediata","og_url":"https:\/\/gruasremolqueiquique.cl\/","og_site_name":"gruas iquique alto hospicio","article_modified_time":"2024-06-11T03:55:43+00:00","twitter_card":"summary_large_image","schema":{"@context":"https:\/\/schema.org","@graph":[{"@type":"WebPage","@id":"https:\/\/gruasremolqueiquique.cl\/","url":"https:\/\/gruasremolqueiquique.cl\/","name":"gr\u00faas Iquique alto hospicio , disponibles las 24horas","isPartOf":{"@id":"https:\/\/gruasremolqueiquique.cl\/#website"},"datePublished":"2024-05-29T04:24:00+00:00","dateModified":"2024-06-11T03:55:43+00:00","description":"Gr\u00faas en Iquique para todo tipo de veh\u00edculos. Ofrecemos asistencia en carretera y remolque las 24 horas del d\u00eda. Atenci\u00f3n inmediata","breadcrumb":{"@id":"https:\/\/gruasremolqueiquique.cl\/#breadcrumb"},"inLanguage":"es","potentialAction":[{"@type":"ReadAction","target":["https:\/\/gruasremolqueiquique.cl\/"]}]},{"@type":"BreadcrumbList","@id":"https:\/\/gruasremolqueiquique.cl\/#breadcrumb","itemListElement":[{"@type":"ListItem","position":1,"name":"Portada","item":"https:\/\/gruasremolqueiquique.cl\/"},{"@type":"ListItem","position":2,"name":"gruas iquique"}]},{"@type":"WebSite","@id":"https:\/\/gruasremolqueiquique.cl\/#website","url":"https:\/\/gruasremolqueiquique.cl\/","name":"gruas iquique altohospicio","description":"Servicio de gr\u00faas en Iquique disponible las 24 horas del d\u00eda. Ofrecemos asistencia vehicular r\u00e1pida y confiable para emergencias en Iquique. Ll\u00e1manos al +56969007500 para ayuda inmediata y profesional.","publisher":{"@id":"https:\/\/gruasremolqueiquique.cl\/#organization"},"potentialAction":[{"@type":"SearchAction","target":{"@type":"EntryPoint","urlTemplate":"https:\/\/gruasremolqueiquique.cl\/?s={search_term_string}"},"query-input":"required name=search_term_string"}],"inLanguage":"es"},{"@type":"Organization","@id":"https:\/\/gruasremolqueiquique.cl\/#organization","name":"gruas iquique altohospicio","url":"https:\/\/gruasremolqueiquique.cl\/","logo":{"@type":"ImageObject","inLanguage":"es","@id":"https:\/\/gruasremolqueiquique.cl\/#\/schema\/logo\/image\/","url":"https:\/\/gruasremolqueiquique.cl\/wp-content\/uploads\/2024\/05\/4680b792-705a-4dd1-bffb-4bcc044baf63.jpeg","contentUrl":"https:\/\/gruasremolqueiquique.cl\/wp-content\/uploads\/2024\/05\/4680b792-705a-4dd1-bffb-4bcc044baf63.jpeg","width":800,"height":600,"caption":"gruas iquique altohospicio"},"image":{"@id":"https:\/\/gruasremolqueiquique.cl\/#\/schema\/logo\/image\/"}}]}},"_links":{"self":[{"href":"https:\/\/gruasremolqueiquique.cl\/index.php?rest_route=\/wp\/v2\/pages\/18"}],"collection":[{"href":"https:\/\/gruasremolqueiquique.cl\/index.php?rest_route=\/wp\/v2\/pages"}],"about":[{"href":"https:\/\/gruasremolqueiquique.cl\/index.php?rest_route=\/wp\/v2\/types\/page"}],"author":[{"embeddable":true,"href":"https:\/\/gruasremolqueiquique.cl\/index.php?rest_route=\/wp\/v2\/users\/1"}],"replies":[{"embeddable":true,"href":"https:\/\/gruasremolqueiquique.cl\/index.php?rest_route=%2Fwp%2Fv2%2Fcomments&post=18"}],"version-history":[{"count":10,"href":"https:\/\/gruasremolqueiquique.cl\/index.php?rest_route=\/wp\/v2\/pages\/18\/revisions"}],"predecessor-version":[{"id":80,"href":"https:\/\/gruasremolqueiquique.cl\/index.php?rest_route=\/wp\/v2\/pages\/18\/revisions\/80"}],"wp:attachment":[{"href":"https:\/\/gruasremolqueiquique.cl\/index.php?rest_route=%2Fwp%2Fv2%2Fmedia&parent=18"}],"curies":[{"name":"wp","href":"https:\/\/api.w.org\/{rel}","templated":true}]}}